{"id":652,"date":"2023-12-18T15:40:06","date_gmt":"2023-12-18T19:40:06","guid":{"rendered":"https:\/\/zoneinnovationminiere.com\/politique-de-confidentialite\/"},"modified":"2025-10-21T15:40:20","modified_gmt":"2025-10-21T19:40:20","slug":"privacy-policy","status":"publish","type":"page","link":"https:\/\/zoneinnovationminiere.com\/en\/privacy-policy\/","title":{"rendered":"Privacy Policy"},"content":{"rendered":"<p><div class=\"fusion-fullwidth fullwidth-box fusion-builder-row-1 fusion-flex-container has-pattern-background has-mask-background hundred-percent-fullwidth non-hundred-percent-height-scrolling fusion-custom-z-index\" style=\"--awb-border-radius-top-left:0px;--awb-border-radius-top-right:0px;--awb-border-radius-bottom-right:0px;--awb-border-radius-bottom-left:0px;--awb-z-index:999;--awb-padding-right:115px;--awb-padding-bottom:69px;--awb-padding-left:115px;--awb-padding-top-small:30px;--awb-padding-right-small:35px;--awb-padding-left-small:35px;--awb-flex-wrap:wrap;\" ><div class=\"fusion-builder-row fusion-row fusion-flex-align-items-center fusion-flex-justify-content-space-between fusion-flex-content-wrap\" style=\"width:104% !important;max-width:104% !important;margin-left: calc(-4% \/ 2 );margin-right: calc(-4% \/ 2 );\"><div class=\"fusion-layout-column fusion_builder_column fusion-builder-column-0 fusion_builder_column_1_4 1_4 fusion-flex-column\" style=\"--awb-bg-size:cover;--awb-width-large:25%;--awb-margin-top-large:0px;--awb-spacing-right-large:7.68%;--awb-margin-bottom-large:0px;--awb-spacing-left-large:7.68%;--awb-width-medium:25%;--awb-order-medium:0;--awb-spacing-right-medium:7.68%;--awb-spacing-left-medium:7.68%;--awb-width-small:50%;--awb-order-small:0;--awb-spacing-right-small:3.84%;--awb-spacing-left-small:3.84%;\"><div class=\"fusion-column-wrapper fusion-column-has-shadow fusion-flex-justify-content-flex-start fusion-content-layout-column\"><div class=\"fusion-image-element \" style=\"--awb-caption-title-font-family:var(--h2_typography-font-family);--awb-caption-title-font-weight:var(--h2_typography-font-weight);--awb-caption-title-font-style:var(--h2_typography-font-style);--awb-caption-title-size:var(--h2_typography-font-size);--awb-caption-title-transform:var(--h2_typography-text-transform);--awb-caption-title-line-height:var(--h2_typography-line-height);--awb-caption-title-letter-spacing:var(--h2_typography-letter-spacing);\"><span class=\" fusion-imageframe imageframe-none imageframe-1 hover-type-none\"><a class=\"fusion-no-lightbox\" href=\"https:\/\/zoneinnovationminiere.com\/\" target=\"_self\" aria-label=\"ZIMR00_LOGO_COULEUR_CYMK (2)\"><img decoding=\"async\" width=\"290\" height=\"126\" src=\"https:\/\/zoneinnovationminiere.com\/wp-content\/uploads\/2023\/12\/ZIMR00_LOGO_COULEUR_CYMK-2.svg\" alt class=\"img-responsive wp-image-487\"\/><\/a><\/span><\/div><\/div><\/div><div class=\"fusion-layout-column fusion_builder_column fusion-builder-column-1 fusion_builder_column_2_3 2_3 fusion-flex-column\" style=\"--awb-bg-size:cover;--awb-width-large:66.666666666667%;--awb-margin-top-large:0px;--awb-spacing-right-large:2.88%;--awb-margin-bottom-large:0px;--awb-spacing-left-large:2.88%;--awb-width-medium:66.666666666667%;--awb-order-medium:0;--awb-spacing-right-medium:2.88%;--awb-spacing-left-medium:2.88%;--awb-width-small:50%;--awb-order-small:0;--awb-spacing-right-small:3.84%;--awb-spacing-left-small:3.84%;\"><div class=\"fusion-column-wrapper fusion-column-has-shadow fusion-flex-justify-content-flex-start fusion-content-layout-column\"><nav class=\"awb-menu awb-menu_row awb-menu_em-hover mobile-mode-collapse-to-button awb-menu_icons-left awb-menu_dc-yes mobile-trigger-fullwidth-off awb-menu_mobile-toggle awb-menu_indent-left mobile-size-full-absolute loading mega-menu-loading awb-menu_desktop awb-menu_dropdown awb-menu_expand-right awb-menu_transition-fade\" style=\"--awb-font-size:18px;--awb-align-items:center;--awb-justify-content:space-evenly;--awb-color:#00a67d;--awb-active-color:var(--awb-color3);--awb-main-justify-content:flex-start;--awb-mobile-nav-button-align-hor:flex-end;--awb-mobile-trigger-font-size:30px;--awb-mobile-justify:flex-start;--awb-mobile-caret-left:auto;--awb-mobile-caret-right:0;--awb-fusion-font-family-typography:&quot;Hind Madurai&quot;;--awb-fusion-font-style-typography:normal;--awb-fusion-font-weight-typography:600;--awb-fusion-font-family-submenu-typography:inherit;--awb-fusion-font-style-submenu-typography:normal;--awb-fusion-font-weight-submenu-typography:400;--awb-fusion-font-family-mobile-typography:inherit;--awb-fusion-font-style-mobile-typography:normal;--awb-fusion-font-weight-mobile-typography:400;\" aria-label=\"Main menu\" data-breakpoint=\"640\" data-count=\"0\" data-transition-type=\"fade\" data-transition-time=\"300\" data-expand=\"right\"><button type=\"button\" class=\"awb-menu__m-toggle awb-menu__m-toggle_no-text\" aria-expanded=\"false\" aria-controls=\"menu-main-menu\"><span class=\"awb-menu__m-toggle-inner\"><span class=\"collapsed-nav-text\"><span class=\"screen-reader-text\">Toggle Navigation<\/span><\/span><span class=\"awb-menu__m-collapse-icon awb-menu__m-collapse-icon_no-text\"><span class=\"awb-menu__m-collapse-icon-open awb-menu__m-collapse-icon-open_no-text icon-zim-bars-solid\"><\/span><span class=\"awb-menu__m-collapse-icon-close awb-menu__m-collapse-icon-close_no-text fa-times fas\"><\/span><\/span><\/span><\/button><ul id=\"menu-main-menu-en\" class=\"fusion-menu awb-menu__main-ul awb-menu__main-ul_row\"><li  id=\"menu-item-658\"  class=\"menu-item menu-item-type-custom menu-item-object-custom menu-item-658 awb-menu__li awb-menu__main-li awb-menu__main-li_regular\"  data-item-id=\"658\"><span class=\"awb-menu__main-background-default awb-menu__main-background-default_fade\"><\/span><span class=\"awb-menu__main-background-active awb-menu__main-background-active_fade\"><\/span><a  href=\"https:\/\/zoneinnovationminiere.com\/en\/#apropos\" class=\"awb-menu__main-a awb-menu__main-a_regular\"><span class=\"menu-text\">ABOUT US<\/span><\/a><\/li><li  id=\"menu-item-659\"  class=\"menu-item menu-item-type-custom menu-item-object-custom menu-item-659 awb-menu__li awb-menu__main-li awb-menu__main-li_regular\"  data-item-id=\"659\"><span class=\"awb-menu__main-background-default awb-menu__main-background-default_fade\"><\/span><span class=\"awb-menu__main-background-active awb-menu__main-background-active_fade\"><\/span><a  href=\"https:\/\/zoneinnovationminiere.com\/en\/#pourquoi\" class=\"awb-menu__main-a awb-menu__main-a_regular\"><span class=\"menu-text\">WHY MIZ?<\/span><\/a><\/li><li  id=\"menu-item-660\"  class=\"menu-item menu-item-type-custom menu-item-object-custom menu-item-660 awb-menu__li awb-menu__main-li awb-menu__main-li_regular\"  data-item-id=\"660\"><span class=\"awb-menu__main-background-default awb-menu__main-background-default_fade\"><\/span><span class=\"awb-menu__main-background-active awb-menu__main-background-active_fade\"><\/span><a  href=\"https:\/\/zoneinnovationminiere.com\/en\/#axes\" class=\"awb-menu__main-a awb-menu__main-a_regular\"><span class=\"menu-text\">OUR PILLARS<\/span><\/a><\/li><li  id=\"menu-item-661\"  class=\"menu-item menu-item-type-custom menu-item-object-custom menu-item-661 awb-menu__li awb-menu__main-li awb-menu__main-li_regular\"  data-item-id=\"661\"><span class=\"awb-menu__main-background-default awb-menu__main-background-default_fade\"><\/span><span class=\"awb-menu__main-background-active awb-menu__main-background-active_fade\"><\/span><a  href=\"https:\/\/zoneinnovationminiere.com\/en\/#projets\" class=\"awb-menu__main-a awb-menu__main-a_regular\"><span class=\"menu-text\">PROJECTS<\/span><\/a><\/li><li  id=\"menu-item-662\"  class=\"menu-item menu-item-type-custom menu-item-object-custom menu-item-662 awb-menu__li awb-menu__main-li awb-menu__main-li_regular\"  data-item-id=\"662\"><span class=\"awb-menu__main-background-default awb-menu__main-background-default_fade\"><\/span><span class=\"awb-menu__main-background-active awb-menu__main-background-active_fade\"><\/span><a  href=\"https:\/\/zoneinnovationminiere.com\/en\/#contact\" class=\"awb-menu__main-a awb-menu__main-a_regular\"><span class=\"menu-text\">CONTACT<\/span><\/a><\/li><li  id=\"menu-item-wpml-ls-2-fr\"  class=\"menu-item wpml-ls-slot-2 wpml-ls-item wpml-ls-item-fr wpml-ls-menu-item wpml-ls-first-item wpml-ls-last-item menu-item-type-wpml_ls_menu_item menu-item-object-wpml_ls_menu_item menu-item-wpml-ls-2-fr awb-menu__li awb-menu__main-li awb-menu__main-li_regular\"  data-classes=\"menu-item\" data-item-id=\"wpml-ls-2-fr\"><span class=\"awb-menu__main-background-default awb-menu__main-background-default_fade\"><\/span><span class=\"awb-menu__main-background-active awb-menu__main-background-active_fade\"><\/span><a  title=\"Switch to FRAN\u00c7AIS\" href=\"https:\/\/zoneinnovationminiere.com\/\" class=\"awb-menu__main-a awb-menu__main-a_regular wpml-ls-link\" aria-label=\"Switch to FRAN\u00c7AIS\" role=\"menuitem\"><span class=\"menu-text\"><span class=\"wpml-ls-native\" lang=\"fr\">FRAN\u00c7AIS<\/span><\/span><\/a><\/li><\/ul><\/nav><\/div><\/div><\/div><\/div><div class=\"fusion-fullwidth fullwidth-box fusion-builder-row-2 fusion-flex-container nonhundred-percent-fullwidth non-hundred-percent-height-scrolling\" style=\"--awb-border-radius-top-left:0px;--awb-border-radius-top-right:0px;--awb-border-radius-bottom-right:0px;--awb-border-radius-bottom-left:0px;--awb-flex-wrap:wrap;\" ><div class=\"fusion-builder-row fusion-row fusion-flex-align-items-flex-start fusion-flex-content-wrap\" style=\"max-width:1248px;margin-left: calc(-4% \/ 2 );margin-right: calc(-4% \/ 2 );\"><div class=\"fusion-layout-column fusion_builder_column fusion-builder-column-2 fusion_builder_column_1_1 1_1 fusion-flex-column\" style=\"--awb-bg-blend:overlay;--awb-bg-size:cover;--awb-width-large:100%;--awb-margin-top-large:0px;--awb-spacing-right-large:1.92%;--awb-margin-bottom-large:0px;--awb-spacing-left-large:1.92%;--awb-width-medium:100%;--awb-spacing-right-medium:1.92%;--awb-spacing-left-medium:1.92%;--awb-width-small:100%;--awb-spacing-right-small:1.92%;--awb-spacing-left-small:1.92%;\"><div class=\"fusion-column-wrapper fusion-flex-justify-content-flex-start fusion-content-layout-column\"><div class=\"fusion-text fusion-text-1\"><\/p>\n<h3 class=\"fusion-responsive-typography-calculated wp-block-heading\" style=\"--fontsize: 36; line-height: 1.2;\" data-fontsize=\"36\" data-lineheight=\"43.2px\"><strong>Privacy and Personal Information Protection Policy<\/strong><\/h3>\n<p>We take the protection of your personal information (\u201cinformation,\u201d \u201cdata,\u201d \u201cdetails\u201d) very seriously when you use our services and our site.<\/p>\n<p>The purpose of this Privacy Policy (\u201cPolicy\u201d) is to inform you about our privacy practices, the types of personal information we may collect, and how we use, disclose, store, and secure it.<\/p>\n<h3 class=\"fusion-responsive-typography-calculated\" style=\"--fontsize: 36; line-height: 1.2;\" data-fontsize=\"36\" data-lineheight=\"43.2px\"><strong>Data collected<\/strong><\/h3>\n<p>In this Policy, \u201cpersonal information\u201d refers to any information, used alone or in combination with other information, that could be used to identify, contact, or locate you.<\/p>\n<p>When you visit zoneinnovationminiere.com, certain information is automatically collected via Google Analytics:<\/p>\n<ul>\n<li><em>IP address<\/em><\/li>\n<li><em>Location, age, gender<\/em><\/li>\n<li><em>Hardware and software details<\/em><\/li>\n<li><em>Content viewed by the user on our site<\/em><\/li>\n<li><em>Links clicked on by the user when visiting the site<\/em><\/li>\n<\/ul>\n<p>Other information is also collected non-automatically via contact forms. This includes the following data:<\/p>\n<ul>\n<li><em>First name, last name<\/em><\/li>\n<li><em>Email<\/em><\/li>\n<li><em>Phone number<\/em><\/li>\n<\/ul>\n<p>It is important to note that your financial information, such as your bank details or credit card information, is not collected, processed, or stored by Zone Innovation Mini\u00e8re. For more information on the collection, processing, or storage of this information, please refer to our partners&#8217; terms and conditions and policies.<\/p>\n<h3 class=\"fusion-responsive-typography-calculated\" style=\"--fontsize: 36; line-height: 1.2;\" data-fontsize=\"36\" data-lineheight=\"43.2px\"><strong>Use of Data<\/strong><\/h3>\n<p>We only collect data that helps us achieve the purpose stated in this Policy. We will not collect additional data without first informing you.<\/p>\n<p>We use this data for the following purposes, among others:<\/p>\n<ul>\n<li><em>To fulfill contracts<\/em><\/li>\n<li><em>To send promotional offers and targeted communications via our newsletter<\/em><\/li>\n<li><em>To perform statistical analyses to improve the site<\/em><\/li>\n<li><em>To follow up with you<\/em><\/li>\n<li><em>As part of a data security protocol<\/em><\/li>\n<\/ul>\n<h3 class=\"fusion-responsive-typography-calculated\" style=\"--fontsize: 36; line-height: 1.2;\" data-fontsize=\"36\" data-lineheight=\"43.2px\">Security measures<\/h3>\n<p>The personal information we collect is stored in a secure and controlled environment. Our employees are required to respect the confidentiality of your information.<\/p>\n<p>To ensure the security of your personal information, we use the following measures:<\/p>\n<ul>\n<li><em>SSL\/TLS protocol<\/em><\/li>\n<li><em>SET protocol<\/em><\/li>\n<li><em>Access management \u2014 authorized personnel<\/em><\/li>\n<li><em>Access management \u2014 data subjects<\/em><\/li>\n<li><em>Two-factor authentication<\/em><\/li>\n<li><em>Network monitoring software<\/em><\/li>\n<li><em>Computer backup<\/em><\/li>\n<li><em>Username\/password<\/em><\/li>\n<li><em>Password management software<\/em><\/li>\n<li><em>Firewall<\/em><\/li>\n<\/ul>\n<h3 class=\"fusion-responsive-typography-calculated\" style=\"--fontsize: 36; line-height: 1.2;\" data-fontsize=\"36\" data-lineheight=\"43.2px\">International transfer of collected data<\/h3>\n<p>User data may be accessed, processed, or collected in the following countries: Canada and, with regard to our website, any country where the user is located.<\/p>\n<h3 class=\"fusion-responsive-typography-calculated\" style=\"--fontsize: 36; line-height: 1.2;\" data-fontsize=\"36\" data-lineheight=\"43.2px\">Duration of data use<\/h3>\n<p>We store personal data for an unlimited period of time. You can contact us if you wish to change, delete, or anonymize your personal data.<\/p>\n<h3 class=\"fusion-responsive-typography-calculated\" style=\"--fontsize: 36; line-height: 1.2;\" data-fontsize=\"36\" data-lineheight=\"43.2px\">Security incident management<\/h3>\n<p>In the event of a leak of your personal data, we will keep you informed and report the incident to the Commission d&#8217;acc\u00e8s \u00e0 l&#8217;information du Qu\u00e9bec (Quebec Information Access Commission), <a href=\"https:\/\/www.quebec.ca\/nouvelles\/actualites\/details\/loi-25-nouvelles-dispositions-protegeant-la-vie-privee-des-quebecois-certaines-dispositions-entrent-en-vigueur-aujourdhui-43212\">in accordance with Bill 25<\/a>.<\/p>\n<h3 class=\"fusion-responsive-typography-calculated\" style=\"--fontsize: 36; line-height: 1.2;\" data-fontsize=\"36\" data-lineheight=\"43.2px\">Rights of access, opposition, and withdrawal<\/h3>\n<p>If you are a resident of Quebec, in accordance with Bill 25, you have specific rights regarding your personal data:<\/p>\n<ul>\n<li><em>Right to be informed<\/em><\/li>\n<li><em>Right of access<\/em><\/li>\n<li><em>Right to rectification<\/em><\/li>\n<li><em>Right to data portability<\/em><\/li>\n<\/ul>\n<p>You have the right to oppose the use of your data and to withdraw it. You can also view or modify it. To exercise these rights, contact our personal data protection officer:<\/p>\n<p><strong>Jean Severin Bouda, Personal Data Protection Officer<br \/><\/strong><\/p>\n<p>94, Ave. du Lac, suite 10<br \/>Rouyn-Noranda (QC) J9X 4N4<br \/>819 609-9104<\/p>\n<p>You can visit our site without revealing your identity. However, certain features require the collection of personal data. You always have the choice not to provide this information.<\/p>\n<p>Bill 25 specifies that persons under the age of 14 are considered minors for the purposes of data collection. Their personal information may not be collected <a href=\"https:\/\/www.cai.gouv.qc.ca\/espace-evolutif-modernisation-lois\/thematiques\/mineurs\/\">without the consent of the holder of parental authority or guardian<\/a>, except where such collection is clearly in the minor&#8217;s best interests.<\/p>\n<h3 class=\"fusion-responsive-typography-calculated\" style=\"--fontsize: 36; line-height: 1.2;\" data-fontsize=\"36\" data-lineheight=\"43.2px\">External Links<\/h3>\n<p>This Policy applies to our site. However, we would like to specify that the obligations described in this Policy do not cover third-party websites, which have their own privacy policies over which we have no control.<\/p>\n<h3 class=\"fusion-responsive-typography-calculated\" style=\"--fontsize: 36; line-height: 1.2;\" data-fontsize=\"36\" data-lineheight=\"43.2px\"><strong>Legislation<\/strong><\/h3>\n<p>Zoneinnovationminiere.com strictly complies with Quebec&#8217;s Bill 25 on the protection of personal data. We are committed to complying with the legislative provisions set out in Canadian law. We undertake not to sell or share your data with third parties unless required by law or in the event of legal proceedings.<\/p>\n<p>\u2014<\/p>\n<p>Last update : January 26th 2024<\/p><\/p>\n<\/div><\/div><\/div><\/div><\/div><\/p>","protected":false},"excerpt":{"rendered":"","protected":false},"author":1,"featured_media":0,"parent":0,"menu_order":0,"comment_status":"closed","ping_status":"closed","template":"100-width.php","meta":{"footnotes":""},"class_list":["post-652","page","type-page","status-publish","hentry"],"yoast_head":"<!-- This site is optimized with the Yoast SEO plugin v26.8 - https:\/\/yoast.com\/product\/yoast-seo-wordpress\/ -->\n<title>Privacy Policy - Zone Innovation Mini\u00e8re<\/title>\n<meta name=\"robots\" content=\"index, follow, max-snippet:-1, max-image-preview:large, max-video-preview:-1\" \/>\n<link rel=\"canonical\" href=\"https:\/\/zoneinnovationminiere.com\/en\/privacy-policy\/\" \/>\n<meta property=\"og:locale\" content=\"en_US\" \/>\n<meta property=\"og:type\" content=\"article\" \/>\n<meta property=\"og:title\" content=\"Privacy Policy - Zone Innovation Mini\u00e8re\" \/>\n<meta property=\"og:url\" content=\"https:\/\/zoneinnovationminiere.com\/en\/privacy-policy\/\" \/>\n<meta property=\"og:site_name\" content=\"Zone Innovation Mini\u00e8re\" \/>\n<meta property=\"article:modified_time\" content=\"2025-10-21T19:40:20+00:00\" \/>\n<meta name=\"twitter:card\" content=\"summary_large_image\" \/>\n<meta name=\"twitter:label1\" content=\"Est. reading time\" \/>\n\t<meta name=\"twitter:data1\" content=\"4 minutes\" \/>\n<script type=\"application\/ld+json\" class=\"yoast-schema-graph\">{\"@context\":\"https:\/\/schema.org\",\"@graph\":[{\"@type\":\"WebPage\",\"@id\":\"https:\/\/zoneinnovationminiere.com\/en\/privacy-policy\/\",\"url\":\"https:\/\/zoneinnovationminiere.com\/en\/privacy-policy\/\",\"name\":\"Privacy Policy - Zone Innovation Mini\u00e8re\",\"isPartOf\":{\"@id\":\"https:\/\/zoneinnovationminiere.com\/#website\"},\"datePublished\":\"2023-12-18T19:40:06+00:00\",\"dateModified\":\"2025-10-21T19:40:20+00:00\",\"breadcrumb\":{\"@id\":\"https:\/\/zoneinnovationminiere.com\/en\/privacy-policy\/#breadcrumb\"},\"inLanguage\":\"en-US\",\"potentialAction\":[{\"@type\":\"ReadAction\",\"target\":[\"https:\/\/zoneinnovationminiere.com\/en\/privacy-policy\/\"]}]},{\"@type\":\"BreadcrumbList\",\"@id\":\"https:\/\/zoneinnovationminiere.com\/en\/privacy-policy\/#breadcrumb\",\"itemListElement\":[{\"@type\":\"ListItem\",\"position\":1,\"name\":\"Accueil\",\"item\":\"https:\/\/zoneinnovationminiere.com\/en\/lhumain-au-coeur-de-la-transition\/\"},{\"@type\":\"ListItem\",\"position\":2,\"name\":\"Privacy Policy\"}]},{\"@type\":\"WebSite\",\"@id\":\"https:\/\/zoneinnovationminiere.com\/#website\",\"url\":\"https:\/\/zoneinnovationminiere.com\/\",\"name\":\"Zone Innovation Mini\u00e8re\",\"description\":\"\",\"potentialAction\":[{\"@type\":\"SearchAction\",\"target\":{\"@type\":\"EntryPoint\",\"urlTemplate\":\"https:\/\/zoneinnovationminiere.com\/?s={search_term_string}\"},\"query-input\":{\"@type\":\"PropertyValueSpecification\",\"valueRequired\":true,\"valueName\":\"search_term_string\"}}],\"inLanguage\":\"en-US\"}]}<\/script>\n<!-- \/ Yoast SEO plugin. -->","yoast_head_json":{"title":"Privacy Policy - Zone Innovation Mini\u00e8re","robots":{"index":"index","follow":"follow","max-snippet":"max-snippet:-1","max-image-preview":"max-image-preview:large","max-video-preview":"max-video-preview:-1"},"canonical":"https:\/\/zoneinnovationminiere.com\/en\/privacy-policy\/","og_locale":"en_US","og_type":"article","og_title":"Privacy Policy - Zone Innovation Mini\u00e8re","og_url":"https:\/\/zoneinnovationminiere.com\/en\/privacy-policy\/","og_site_name":"Zone Innovation Mini\u00e8re","article_modified_time":"2025-10-21T19:40:20+00:00","twitter_card":"summary_large_image","twitter_misc":{"Est. reading time":"4 minutes"},"schema":{"@context":"https:\/\/schema.org","@graph":[{"@type":"WebPage","@id":"https:\/\/zoneinnovationminiere.com\/en\/privacy-policy\/","url":"https:\/\/zoneinnovationminiere.com\/en\/privacy-policy\/","name":"Privacy Policy - Zone Innovation Mini\u00e8re","isPartOf":{"@id":"https:\/\/zoneinnovationminiere.com\/#website"},"datePublished":"2023-12-18T19:40:06+00:00","dateModified":"2025-10-21T19:40:20+00:00","breadcrumb":{"@id":"https:\/\/zoneinnovationminiere.com\/en\/privacy-policy\/#breadcrumb"},"inLanguage":"en-US","potentialAction":[{"@type":"ReadAction","target":["https:\/\/zoneinnovationminiere.com\/en\/privacy-policy\/"]}]},{"@type":"BreadcrumbList","@id":"https:\/\/zoneinnovationminiere.com\/en\/privacy-policy\/#breadcrumb","itemListElement":[{"@type":"ListItem","position":1,"name":"Accueil","item":"https:\/\/zoneinnovationminiere.com\/en\/lhumain-au-coeur-de-la-transition\/"},{"@type":"ListItem","position":2,"name":"Privacy Policy"}]},{"@type":"WebSite","@id":"https:\/\/zoneinnovationminiere.com\/#website","url":"https:\/\/zoneinnovationminiere.com\/","name":"Zone Innovation Mini\u00e8re","description":"","potentialAction":[{"@type":"SearchAction","target":{"@type":"EntryPoint","urlTemplate":"https:\/\/zoneinnovationminiere.com\/?s={search_term_string}"},"query-input":{"@type":"PropertyValueSpecification","valueRequired":true,"valueName":"search_term_string"}}],"inLanguage":"en-US"}]}},"_links":{"self":[{"href":"https:\/\/zoneinnovationminiere.com\/en\/wp-json\/wp\/v2\/pages\/652","targetHints":{"allow":["GET"]}}],"collection":[{"href":"https:\/\/zoneinnovationminiere.com\/en\/wp-json\/wp\/v2\/pages"}],"about":[{"href":"https:\/\/zoneinnovationminiere.com\/en\/wp-json\/wp\/v2\/types\/page"}],"author":[{"embeddable":true,"href":"https:\/\/zoneinnovationminiere.com\/en\/wp-json\/wp\/v2\/users\/1"}],"replies":[{"embeddable":true,"href":"https:\/\/zoneinnovationminiere.com\/en\/wp-json\/wp\/v2\/comments?post=652"}],"version-history":[{"count":3,"href":"https:\/\/zoneinnovationminiere.com\/en\/wp-json\/wp\/v2\/pages\/652\/revisions"}],"predecessor-version":[{"id":657,"href":"https:\/\/zoneinnovationminiere.com\/en\/wp-json\/wp\/v2\/pages\/652\/revisions\/657"}],"wp:attachment":[{"href":"https:\/\/zoneinnovationminiere.com\/en\/wp-json\/wp\/v2\/media?parent=652"}],"curies":[{"name":"wp","href":"https:\/\/api.w.org\/{rel}","templated":true}]}}